{"id":26,"date":"2024-01-29T21:01:06","date_gmt":"2024-01-29T21:01:06","guid":{"rendered":"https:\/\/dr.wirth.de\/?page_id=26"},"modified":"2024-02-02T09:46:40","modified_gmt":"2024-02-02T09:46:40","slug":"impressum","status":"publish","type":"page","link":"https:\/\/dr.wirth.de\/de\/impressum\/","title":{"rendered":"Impressum"},"content":{"rendered":"<div data-elementor-type=\"wp-page\" data-elementor-id=\"26\" class=\"elementor elementor-26\">\n\t\t\t\t<div class=\"elementor-element elementor-element-56dffa8 e-flex e-con-boxed e-con e-parent\" data-id=\"56dffa8\" data-element_type=\"container\" data-settings=\"{&quot;content_width&quot;:&quot;boxed&quot;}\" data-core-v316-plus=\"true\">\n\t\t\t\t\t<div class=\"e-con-inner\">\n\t\t\t\t<div class=\"elementor-element elementor-element-35d5952 elementor-widget elementor-widget-text-editor\" data-id=\"35d5952\" data-element_type=\"widget\" data-widget_type=\"text-editor.default\">\n\t\t\t\t<div class=\"elementor-widget-container\">\n\t\t\t<style>\/*! elementor - v3.19.0 - 29-01-2024 *\/\n.elementor-widget-text-editor.elementor-drop-cap-view-stacked .elementor-drop-cap{background-color:#69727d;color:#fff}.elementor-widget-text-editor.elementor-drop-cap-view-framed .elementor-drop-cap{color:#69727d;border:3px solid;background-color:transparent}.elementor-widget-text-editor:not(.elementor-drop-cap-view-default) .elementor-drop-cap{margin-top:8px}.elementor-widget-text-editor:not(.elementor-drop-cap-view-default) .elementor-drop-cap-letter{width:1em;height:1em}.elementor-widget-text-editor .elementor-drop-cap{float:left;text-align:center;line-height:1;font-size:50px}.elementor-widget-text-editor .elementor-drop-cap-letter{display:inline-block}<\/style>\t\t\t\t<h3><strong>Impressum:<\/strong><\/h3><p>\u00a0<\/p><p><strong>Angaben gem\u00e4\u00df \u00a7 5 TMG<\/strong><\/p><p>\u00a0<\/p><p><strong>Dr. Wirth Prepress Service GmbH<\/strong><br \/>Berner Stra\u00dfe 52<br \/>D-60437 Frankfurt am Main<\/p><p><strong>Gesch\u00e4ftsf\u00fchrer:<\/strong> Dr. Joachim Reidiess<\/p><p><strong>Kontakt<\/strong><br \/>Telefon: +49 69 50009 &#8211; 0<br \/>E-Mail: info@dr.wirth.de<\/p><p><strong>Umsatzsteuer-ID<\/strong> <br \/>Umsatzsteuer-Identifikationsnummer gem\u00e4\u00df \u00a7 27 a Umsatzsteuergesetz: DE 300 881663<\/p><p><strong>Handelsregister und Registerrecht<\/strong><\/p><p>Amtsgericht: HRB 126418<br \/><br \/><br \/><\/p>\t\t\t\t\t\t<\/div>\n\t\t\t\t<\/div>\n\t\t\t\t\t<\/div>\n\t\t\t\t<\/div>\n\t\t\t\t<\/div>","protected":false},"excerpt":{"rendered":"<p>Impressum: \u00a0 Angaben gem\u00e4\u00df \u00a7 5 TMG \u00a0 Dr. Wirth Prepress Service GmbHBerner Stra\u00dfe 52D-60437 Frankfurt am Main Gesch\u00e4ftsf\u00fchrer: Dr. Joachim Reidiess KontaktTelefon: +49 69 50009 &#8211; 0E-Mail: info@dr.wirth.de Umsatzsteuer-ID Umsatzsteuer-Identifikationsnummer gem\u00e4\u00df \u00a7 27 a Umsatzsteuergesetz: DE 300 881663 Handelsregister und Registerrecht Amtsgericht: HRB 126418<\/p>","protected":false},"author":1,"featured_media":0,"parent":0,"menu_order":0,"comment_status":"closed","ping_status":"closed","template":"","meta":{"footnotes":""},"yoast_head":"<!-- This site is optimized with the Yoast SEO plugin v21.9.1 - https:\/\/yoast.com\/wordpress\/plugins\/seo\/ -->\n<title>Impressum - dr.wirth<\/title>\n<meta name=\"robots\" content=\"index, follow, max-snippet:-1, max-image-preview:large, max-video-preview:-1\" \/>\n<link rel=\"canonical\" href=\"https:\/\/dr.wirth.de\/de\/impressum\/\" \/>\n<meta property=\"og:locale\" content=\"de_DE\" \/>\n<meta property=\"og:type\" content=\"article\" \/>\n<meta property=\"og:title\" content=\"Impressum - dr.wirth\" \/>\n<meta property=\"og:description\" content=\"Impressum: \u00a0 Angaben gem\u00e4\u00df \u00a7 5 TMG \u00a0 Dr. Wirth Prepress Service GmbHBerner Stra\u00dfe 52D-60437 Frankfurt am Main Gesch\u00e4ftsf\u00fchrer: Dr. Joachim Reidiess KontaktTelefon: +49 69 50009 &#8211; 0E-Mail: info@dr.wirth.de Umsatzsteuer-ID Umsatzsteuer-Identifikationsnummer gem\u00e4\u00df \u00a7 27 a Umsatzsteuergesetz: DE 300 881663 Handelsregister und Registerrecht Amtsgericht: HRB 126418\" \/>\n<meta property=\"og:url\" content=\"https:\/\/dr.wirth.de\/de\/impressum\/\" \/>\n<meta property=\"og:site_name\" content=\"dr.wirth\" \/>\n<meta property=\"article:modified_time\" content=\"2024-02-02T09:46:40+00:00\" \/>\n<meta name=\"twitter:card\" content=\"summary_large_image\" \/>\n<meta name=\"twitter:label1\" content=\"Gesch\u00e4tzte Lesezeit\" \/>\n\t<meta name=\"twitter:data1\" content=\"1\u00a0Minute\" \/>\n<script type=\"application\/ld+json\" class=\"yoast-schema-graph\">{\"@context\":\"https:\/\/schema.org\",\"@graph\":[{\"@type\":\"WebPage\",\"@id\":\"https:\/\/dr.wirth.de\/impressum\/\",\"url\":\"https:\/\/dr.wirth.de\/impressum\/\",\"name\":\"Impressum - dr.wirth\",\"isPartOf\":{\"@id\":\"https:\/\/dr.wirth.de\/#website\"},\"datePublished\":\"2024-01-29T21:01:06+00:00\",\"dateModified\":\"2024-02-02T09:46:40+00:00\",\"breadcrumb\":{\"@id\":\"https:\/\/dr.wirth.de\/impressum\/#breadcrumb\"},\"inLanguage\":\"de\",\"potentialAction\":[{\"@type\":\"ReadAction\",\"target\":[\"https:\/\/dr.wirth.de\/impressum\/\"]}]},{\"@type\":\"BreadcrumbList\",\"@id\":\"https:\/\/dr.wirth.de\/impressum\/#breadcrumb\",\"itemListElement\":[{\"@type\":\"ListItem\",\"position\":1,\"name\":\"Startseite\",\"item\":\"https:\/\/dr.wirth.de\/\"},{\"@type\":\"ListItem\",\"position\":2,\"name\":\"Impressum\"}]},{\"@type\":\"WebSite\",\"@id\":\"https:\/\/dr.wirth.de\/#website\",\"url\":\"https:\/\/dr.wirth.de\/\",\"name\":\"dr.wirth\",\"description\":\"prepress service\",\"potentialAction\":[{\"@type\":\"SearchAction\",\"target\":{\"@type\":\"EntryPoint\",\"urlTemplate\":\"https:\/\/dr.wirth.de\/?s={search_term_string}\"},\"query-input\":\"required name=search_term_string\"}],\"inLanguage\":\"de\"}]}<\/script>\n<!-- \/ Yoast SEO plugin. -->","yoast_head_json":{"title":"Impressum - dr.wirth","robots":{"index":"index","follow":"follow","max-snippet":"max-snippet:-1","max-image-preview":"max-image-preview:large","max-video-preview":"max-video-preview:-1"},"canonical":"https:\/\/dr.wirth.de\/de\/impressum\/","og_locale":"de_DE","og_type":"article","og_title":"Impressum - dr.wirth","og_description":"Impressum: \u00a0 Angaben gem\u00e4\u00df \u00a7 5 TMG \u00a0 Dr. Wirth Prepress Service GmbHBerner Stra\u00dfe 52D-60437 Frankfurt am Main Gesch\u00e4ftsf\u00fchrer: Dr. Joachim Reidiess KontaktTelefon: +49 69 50009 &#8211; 0E-Mail: info@dr.wirth.de Umsatzsteuer-ID Umsatzsteuer-Identifikationsnummer gem\u00e4\u00df \u00a7 27 a Umsatzsteuergesetz: DE 300 881663 Handelsregister und Registerrecht Amtsgericht: HRB 126418","og_url":"https:\/\/dr.wirth.de\/de\/impressum\/","og_site_name":"dr.wirth","article_modified_time":"2024-02-02T09:46:40+00:00","twitter_card":"summary_large_image","twitter_misc":{"Gesch\u00e4tzte Lesezeit":"1\u00a0Minute"},"schema":{"@context":"https:\/\/schema.org","@graph":[{"@type":"WebPage","@id":"https:\/\/dr.wirth.de\/impressum\/","url":"https:\/\/dr.wirth.de\/impressum\/","name":"Impressum - dr.wirth","isPartOf":{"@id":"https:\/\/dr.wirth.de\/#website"},"datePublished":"2024-01-29T21:01:06+00:00","dateModified":"2024-02-02T09:46:40+00:00","breadcrumb":{"@id":"https:\/\/dr.wirth.de\/impressum\/#breadcrumb"},"inLanguage":"de","potentialAction":[{"@type":"ReadAction","target":["https:\/\/dr.wirth.de\/impressum\/"]}]},{"@type":"BreadcrumbList","@id":"https:\/\/dr.wirth.de\/impressum\/#breadcrumb","itemListElement":[{"@type":"ListItem","position":1,"name":"Startseite","item":"https:\/\/dr.wirth.de\/"},{"@type":"ListItem","position":2,"name":"Impressum"}]},{"@type":"WebSite","@id":"https:\/\/dr.wirth.de\/#website","url":"https:\/\/dr.wirth.de\/","name":"dr.wirth","description":"prepress service","potentialAction":[{"@type":"SearchAction","target":{"@type":"EntryPoint","urlTemplate":"https:\/\/dr.wirth.de\/?s={search_term_string}"},"query-input":"required name=search_term_string"}],"inLanguage":"de"}]}},"_links":{"self":[{"href":"https:\/\/dr.wirth.de\/de\/wp-json\/wp\/v2\/pages\/26"}],"collection":[{"href":"https:\/\/dr.wirth.de\/de\/wp-json\/wp\/v2\/pages"}],"about":[{"href":"https:\/\/dr.wirth.de\/de\/wp-json\/wp\/v2\/types\/page"}],"author":[{"embeddable":true,"href":"https:\/\/dr.wirth.de\/de\/wp-json\/wp\/v2\/users\/1"}],"replies":[{"embeddable":true,"href":"https:\/\/dr.wirth.de\/de\/wp-json\/wp\/v2\/comments?post=26"}],"version-history":[{"count":7,"href":"https:\/\/dr.wirth.de\/de\/wp-json\/wp\/v2\/pages\/26\/revisions"}],"predecessor-version":[{"id":446,"href":"https:\/\/dr.wirth.de\/de\/wp-json\/wp\/v2\/pages\/26\/revisions\/446"}],"wp:attachment":[{"href":"https:\/\/dr.wirth.de\/de\/wp-json\/wp\/v2\/media?parent=26"}],"curies":[{"name":"wp","href":"https:\/\/api.w.org\/{rel}","templated":true}]}}